{"id":214,"date":"2016-07-01T00:26:32","date_gmt":"2016-06-30T21:26:32","guid":{"rendered":"http:\/\/www.durakotel.com\/en\/?page_id=214"},"modified":"2017-05-26T13:25:36","modified_gmt":"2017-05-26T10:25:36","slug":"contact-us-bodrum","status":"publish","type":"page","link":"https:\/\/www.durakvillapansiyon.com\/en\/contact-us-bodrum\/","title":{"rendered":"Contact Us"},"content":{"rendered":"<p>[vc_row][vc_column width=&#8221;1\/2&#8243;][vc_column_text]<\/p>\n<h3>Reservation \/ Contact Us<\/h3>\n<h4><span style=\"color: #ff0000;\"><a style=\"color: #ff0000;\" href=\"tel:+905326156872\">+90 532 615 687<\/a>2<\/span><\/h4>\n<h4>+90 252 316 4053<\/h4>\n<p><a href=\"mailto:info@durakvillapansiyon.com\">info@durakvillapansiyon.com<\/a>[\/vc_column_text][vc_column_text]<div id=\"vfb-form-1\" class=\"visual-form-builder-container\"><form id=\"iletisim-1\" class=\"visual-form-builder vfb-form-1  \" method=\"post\" enctype=\"multipart\/form-data\" action=\"\">\n\t\t<input type=\"hidden\" name=\"form_id\" value=\"1\" \/><fieldset class=\"vfb-fieldset vfb-fieldset-1 web-iletisim-formu    \" id=\"item-vfb-1\"><div class=\"vfb-legend\"><h3>WEB \u0130LET\u0130\u015e\u0130M FORMU<\/h3><\/div><ul class=\"vfb-section vfb-section-1\"><li class=\"vfb-item vfb-item-text    \" id=\"item-vfb-5\"><label for=\"vfb-5\" class=\"vfb-desc\">Ad Soyad  <span class=\"vfb-required-asterisk\">*<\/span><\/label><input type=\"text\" name=\"vfb-5\" id=\"vfb-5\" value=\"\" class=\"vfb-text  vfb-medium  required  \" \/><\/li>\n<li class=\"vfb-item vfb-item-email    \" id=\"item-vfb-6\"><label for=\"vfb-6\" class=\"vfb-desc\">Email  <span class=\"vfb-required-asterisk\">*<\/span><\/label><input type=\"email\" name=\"vfb-6\" id=\"vfb-6\" value=\"\" class=\"vfb-text  vfb-medium  required  email \" \/><\/li>\n<li class=\"vfb-item vfb-item-text    \" id=\"item-vfb-7\"><label for=\"vfb-7\" class=\"vfb-desc\">Telefon  <span class=\"vfb-required-asterisk\">*<\/span><\/label><input type=\"text\" name=\"vfb-7\" id=\"vfb-7\" value=\"\" class=\"vfb-text  vfb-medium  required  \" \/><\/li>\n<li class=\"vfb-item vfb-item-textarea    \" id=\"item-vfb-8\"><label for=\"vfb-8\" class=\"vfb-desc\">Mesaj\u0131n\u0131z  <span class=\"vfb-required-asterisk\">*<\/span><\/label><div><textarea name=\"vfb-8\" id=\"vfb-8\" class=\"vfb-textarea  vfb-medium  required  \"><\/textarea><\/div><\/li>\n<li class=\"vfb-item vfb-item-submit\" id=\"item-vfb-4\">\n\t\t\t\t\t<input type=\"submit\" name=\"vfb-submit\" id=\"vfb-4\" value=\"G\u00d6NDER\" class=\"vfb-submit \" \/>\n\t\t\t\t\t<\/li><\/ul>&nbsp;<\/fieldset><input type=\"hidden\" name=\"_wp_http_referer\" value=\"\/en\/wp-json\/wp\/v2\/pages\/214\" \/><\/form><\/div> <!-- .visual-form-builder-container -->[\/vc_column_text][\/vc_column][vc_column width=&#8221;1\/2&#8243;][vc_column_text]<iframe loading=\"lazy\" src=\"https:\/\/www.google.com\/maps\/embed?pb=!1m14!1m8!1m3!1d3185.03687707518!2d27.438964532841066!3d37.03276706138286!3m2!1i1024!2i768!4f13.1!3m3!1m2!1s0x0%3A0x5e15e1588728fc9e!2sBodrum+Durak+Villa+Pansiyon!5e0!3m2!1str!2str!4v1495794061587&amp;hl=tr\" width=\"100%\" height=\"650\" frameborder=\"0\" style=\"border:0\" allowfullscreen><\/iframe>[\/vc_column_text][\/vc_column][\/vc_row]<\/p>\n","protected":false},"excerpt":{"rendered":"<p>[vc_row][vc_column width=&#8221;1\/2&#8243;][vc_column_text] Reservation \/ Contact Us +90 532 615 6872 +90 252 316 4053 info@durakvillapansiyon.com[\/vc_column_text][vc_column_text][\/vc_column_text][\/vc_column][vc_column width=&#8221;1\/2&#8243;][vc_column_text][\/vc_column_text][\/vc_column][\/vc_row]<\/p>\n","protected":false},"author":1,"featured_media":0,"parent":0,"menu_order":0,"comment_status":"closed","ping_status":"closed","template":"","meta":{"footnotes":""},"class_list":["post-214","page","type-page","status-publish","hentry"],"aioseo_notices":[],"_links":{"self":[{"href":"https:\/\/www.durakvillapansiyon.com\/en\/wp-json\/wp\/v2\/pages\/214","targetHints":{"allow":["GET"]}}],"collection":[{"href":"https:\/\/www.durakvillapansiyon.com\/en\/wp-json\/wp\/v2\/pages"}],"about":[{"href":"https:\/\/www.durakvillapansiyon.com\/en\/wp-json\/wp\/v2\/types\/page"}],"author":[{"embeddable":true,"href":"https:\/\/www.durakvillapansiyon.com\/en\/wp-json\/wp\/v2\/users\/1"}],"replies":[{"embeddable":true,"href":"https:\/\/www.durakvillapansiyon.com\/en\/wp-json\/wp\/v2\/comments?post=214"}],"version-history":[{"count":8,"href":"https:\/\/www.durakvillapansiyon.com\/en\/wp-json\/wp\/v2\/pages\/214\/revisions"}],"predecessor-version":[{"id":365,"href":"https:\/\/www.durakvillapansiyon.com\/en\/wp-json\/wp\/v2\/pages\/214\/revisions\/365"}],"wp:attachment":[{"href":"https:\/\/www.durakvillapansiyon.com\/en\/wp-json\/wp\/v2\/media?parent=214"}],"curies":[{"name":"wp","href":"https:\/\/api.w.org\/{rel}","templated":true}]}}